{"id":2,"date":"2026-02-24T17:23:32","date_gmt":"2026-02-24T17:23:32","guid":{"rendered":"https:\/\/jardineriagranell.rkinformatika.online\/?page_id=2"},"modified":"2026-03-23T10:30:09","modified_gmt":"2026-03-23T10:30:09","slug":"inicio","status":"publish","type":"page","link":"https:\/\/jardineriagranell.com\/en\/","title":{"rendered":"Home"},"content":{"rendered":"<div data-elementor-type=\"wp-page\" data-elementor-id=\"2\" class=\"elementor elementor-2\" data-elementor-post-type=\"page\">\n\t\t\t\t<div class=\"elementor-element elementor-element-ee02460 e-flex e-con-boxed e-con e-parent\" data-id=\"ee02460\" data-element_type=\"container\" data-e-type=\"container\" data-settings=\"{&quot;background_background&quot;:&quot;classic&quot;}\">\n\t\t\t\t\t<div class=\"e-con-inner\">\n\t\t<div class=\"elementor-element elementor-element-764bea7 e-con-full e-flex e-con e-child\" data-id=\"764bea7\" data-element_type=\"container\" data-e-type=\"container\">\n\t\t\t\t<div class=\"elementor-element elementor-element-8cda002 animated-slow elementor-invisible elementor-widget elementor-widget-heading\" data-id=\"8cda002\" data-element_type=\"widget\" data-e-type=\"widget\" data-settings=\"{&quot;_animation&quot;:&quot;fadeIn&quot;,&quot;_animation_delay&quot;:0}\" data-widget_type=\"heading.default\">\n\t\t\t\t\t<h2 class=\"elementor-heading-title elementor-size-default\">Your garden is shining again!<\/h2>\t\t\t\t<\/div>\n\t\t\t\t<\/div>\n\t\t\t\t\t<\/div>\n\t\t\t\t<\/div>\n\t\t<div class=\"elementor-element elementor-element-0d62460 e-flex e-con-boxed e-con e-parent\" data-id=\"0d62460\" data-element_type=\"container\" data-e-type=\"container\">\n\t\t\t\t\t<div class=\"e-con-inner\">\n\t\t<div class=\"elementor-element elementor-element-4dc4524 e-con-full e-flex e-con e-child\" data-id=\"4dc4524\" data-element_type=\"container\" data-e-type=\"container\">\n\t\t\t\t<div class=\"elementor-element elementor-element-f1453b6 elementor-widget elementor-widget-image\" data-id=\"f1453b6\" data-element_type=\"widget\" data-e-type=\"widget\" data-widget_type=\"image.default\">\n\t\t\t\t\t\t\t\t\t\t\t\t\t\t\t<img fetchpriority=\"high\" decoding=\"async\" width=\"800\" height=\"600\" src=\"https:\/\/jardineriagranell.com\/wp-content\/uploads\/2026\/02\/507365468_9936854663057750_7266017424297289281_n.jpg\" class=\"attachment-large size-large wp-image-173\" alt=\"\" srcset=\"https:\/\/jardineriagranell.com\/wp-content\/uploads\/2026\/02\/507365468_9936854663057750_7266017424297289281_n.jpg 960w, https:\/\/jardineriagranell.com\/wp-content\/uploads\/2026\/02\/507365468_9936854663057750_7266017424297289281_n-300x225.jpg 300w, https:\/\/jardineriagranell.com\/wp-content\/uploads\/2026\/02\/507365468_9936854663057750_7266017424297289281_n-768x576.jpg 768w, https:\/\/jardineriagranell.com\/wp-content\/uploads\/2026\/02\/507365468_9936854663057750_7266017424297289281_n-16x12.jpg 16w\" sizes=\"(max-width: 800px) 100vw, 800px\" \/>\t\t\t\t\t\t\t\t\t\t\t\t\t\t\t<\/div>\n\t\t\t\t<\/div>\n\t\t<div class=\"elementor-element elementor-element-b463fc1 e-con-full e-flex e-con e-child\" data-id=\"b463fc1\" data-element_type=\"container\" data-e-type=\"container\">\n\t\t\t\t<div class=\"elementor-element elementor-element-7225d78 elementor-widget elementor-widget-heading\" data-id=\"7225d78\" data-element_type=\"widget\" data-e-type=\"widget\" data-widget_type=\"heading.default\">\n\t\t\t\t\t<h2 class=\"elementor-heading-title elementor-size-default\">Who are we?<\/h2>\t\t\t\t<\/div>\n\t\t\t\t<div class=\"elementor-element elementor-element-74983bf elementor-widget elementor-widget-heading\" data-id=\"74983bf\" data-element_type=\"widget\" data-e-type=\"widget\" data-widget_type=\"heading.default\">\n\t\t\t\t\t<h2 class=\"elementor-heading-title elementor-size-default\">Diego Granell<\/h2>\t\t\t\t<\/div>\n\t\t\t\t<div class=\"elementor-element elementor-element-f9356d7 elementor-widget-divider--view-line_icon elementor-view-default elementor-widget-divider--element-align-center elementor-widget elementor-widget-divider\" data-id=\"f9356d7\" data-element_type=\"widget\" data-e-type=\"widget\" data-widget_type=\"divider.default\">\n\t\t\t\t\t\t\t<div class=\"elementor-divider\">\n\t\t\t<span class=\"elementor-divider-separator\">\n\t\t\t\t\t\t\t<div class=\"elementor-icon elementor-divider__element\">\n\t\t\t\t\t<svg aria-hidden=\"true\" class=\"e-font-icon-svg e-fab-pagelines\" viewbox=\"0 0 384 512\" xmlns=\"http:\/\/www.w3.org\/2000\/svg\"><path d=\"M384 312.7c-55.1 136.7-187.1 54-187.1 54-40.5 81.8-107.4 134.4-184.6 134.7-16.1 0-16.6-24.4 0-24.4 64.4-.3 120.5-42.7 157.2-110.1-41.1 15.9-118.6 27.9-161.6-82.2 109-44.9 159.1 11.2 178.3 45.5 9.9-24.4 17-50.9 21.6-79.7 0 0-139.7 21.9-149.5-98.1 119.1-47.9 152.6 76.7 152.6 76.7 1.6-16.7 3.3-52.6 3.3-53.4 0 0-106.3-73.7-38.1-165.2 124.6 43 61.4 162.4 61.4 162.4.5 1.6.5 23.8 0 33.4 0 0 45.2-89 136.4-57.5-4.2 134-141.9 106.4-141.9 106.4-4.4 27.4-11.2 53.4-20 77.5 0 0 83-91.8 172-20z\"><\/path><\/svg><\/div>\n\t\t\t\t\t\t<\/span>\n\t\t<\/div>\n\t\t\t\t\t\t<\/div>\n\t\t\t\t<div class=\"elementor-element elementor-element-d0aa0af elementor-widget elementor-widget-text-editor\" data-id=\"d0aa0af\" data-element_type=\"widget\" data-e-type=\"widget\" data-widget_type=\"text-editor.default\">\n\t\t\t\t\t\t\t\t\t<p>At <strong>Jardiner\u00eda Granell<\/strong> we are aware of the importance that nature deserves; that is why we are committed to the environment and to the environmental footprint of our work.<\/p>\t\t\t\t\t\t\t\t<\/div>\n\t\t\t\t<\/div>\n\t\t\t\t\t<\/div>\n\t\t\t\t<\/div>\n\t\t<div class=\"elementor-element elementor-element-1896985 e-flex e-con-boxed e-con e-parent\" data-id=\"1896985\" data-element_type=\"container\" data-e-type=\"container\">\n\t\t\t\t\t<div class=\"e-con-inner\">\n\t\t<div class=\"elementor-element elementor-element-03b2d4e e-con-full e-flex e-con e-child\" data-id=\"03b2d4e\" data-element_type=\"container\" data-e-type=\"container\">\n\t\t\t\t<div class=\"elementor-element elementor-element-866c239 elementor-widget elementor-widget-heading\" data-id=\"866c239\" data-element_type=\"widget\" data-e-type=\"widget\" data-widget_type=\"heading.default\">\n\t\t\t\t\t<h2 class=\"elementor-heading-title elementor-size-default\">Lawns, hedges, and patios like new!<\/h2>\t\t\t\t<\/div>\n\t\t\t\t<div class=\"elementor-element elementor-element-e15607f elementor-widget-divider--view-line_icon elementor-view-default elementor-widget-divider--element-align-center elementor-widget elementor-widget-divider\" data-id=\"e15607f\" data-element_type=\"widget\" data-e-type=\"widget\" data-widget_type=\"divider.default\">\n\t\t\t\t\t\t\t<div class=\"elementor-divider\">\n\t\t\t<span class=\"elementor-divider-separator\">\n\t\t\t\t\t\t\t<div class=\"elementor-icon elementor-divider__element\">\n\t\t\t\t\t<svg aria-hidden=\"true\" class=\"e-font-icon-svg e-fab-pagelines\" viewbox=\"0 0 384 512\" xmlns=\"http:\/\/www.w3.org\/2000\/svg\"><path d=\"M384 312.7c-55.1 136.7-187.1 54-187.1 54-40.5 81.8-107.4 134.4-184.6 134.7-16.1 0-16.6-24.4 0-24.4 64.4-.3 120.5-42.7 157.2-110.1-41.1 15.9-118.6 27.9-161.6-82.2 109-44.9 159.1 11.2 178.3 45.5 9.9-24.4 17-50.9 21.6-79.7 0 0-139.7 21.9-149.5-98.1 119.1-47.9 152.6 76.7 152.6 76.7 1.6-16.7 3.3-52.6 3.3-53.4 0 0-106.3-73.7-38.1-165.2 124.6 43 61.4 162.4 61.4 162.4.5 1.6.5 23.8 0 33.4 0 0 45.2-89 136.4-57.5-4.2 134-141.9 106.4-141.9 106.4-4.4 27.4-11.2 53.4-20 77.5 0 0 83-91.8 172-20z\"><\/path><\/svg><\/div>\n\t\t\t\t\t\t<\/span>\n\t\t<\/div>\n\t\t\t\t\t\t<\/div>\n\t\t\t\t<div class=\"elementor-element elementor-element-2c0e0bb elementor-widget elementor-widget-text-editor\" data-id=\"2c0e0bb\" data-element_type=\"widget\" data-e-type=\"widget\" data-widget_type=\"text-editor.default\">\n\t\t\t\t\t\t\t\t\t<p>We are always looking for new ways to reduce our environmental impact and contribute to environmental protection. We handle waste removal, pruning debris, and the proper storage of pesticides, fuels, and chemicals. We take care of what's yours, what's ours, and what belongs to everyone.<\/p>\t\t\t\t\t\t\t\t<\/div>\n\t\t\t\t<\/div>\n\t\t<div class=\"elementor-element elementor-element-0e88368 e-con-full e-flex e-con e-child\" data-id=\"0e88368\" data-element_type=\"container\" data-e-type=\"container\">\n\t\t\t\t<div class=\"elementor-element elementor-element-654380f elementor-widget elementor-widget-image\" data-id=\"654380f\" data-element_type=\"widget\" data-e-type=\"widget\" data-widget_type=\"image.default\">\n\t\t\t\t\t\t\t\t\t\t\t\t\t\t\t<img decoding=\"async\" width=\"500\" height=\"375\" src=\"https:\/\/jardineriagranell.com\/wp-content\/uploads\/2026\/02\/md.jpeg\" class=\"attachment-large size-large wp-image-165\" alt=\"\" srcset=\"https:\/\/jardineriagranell.com\/wp-content\/uploads\/2026\/02\/md.jpeg 500w, https:\/\/jardineriagranell.com\/wp-content\/uploads\/2026\/02\/md-300x225.jpeg 300w, https:\/\/jardineriagranell.com\/wp-content\/uploads\/2026\/02\/md-16x12.jpeg 16w\" sizes=\"(max-width: 500px) 100vw, 500px\" \/>\t\t\t\t\t\t\t\t\t\t\t\t\t\t\t<\/div>\n\t\t\t\t<\/div>\n\t\t\t\t\t<\/div>\n\t\t\t\t<\/div>\n\t\t<div class=\"elementor-element elementor-element-b57cb73 e-flex e-con-boxed e-con e-parent\" data-id=\"b57cb73\" data-element_type=\"container\" data-e-type=\"container\" data-settings=\"{&quot;background_background&quot;:&quot;classic&quot;}\">\n\t\t\t\t\t<div class=\"e-con-inner\">\n\t\t\t\t<div class=\"elementor-element elementor-element-c8be10c elementor-invisible elementor-widget elementor-widget-heading\" data-id=\"c8be10c\" data-element_type=\"widget\" data-e-type=\"widget\" data-settings=\"{&quot;_animation&quot;:&quot;fadeInDown&quot;}\" data-widget_type=\"heading.default\">\n\t\t\t\t\t<h2 class=\"elementor-heading-title elementor-size-default\">Pruning, cleaning and maintenance for an impeccable garden!<\/h2>\t\t\t\t<\/div>\n\t\t\t\t<div class=\"elementor-element elementor-element-7470d21 elementor-invisible elementor-widget elementor-widget-button\" data-id=\"7470d21\" data-element_type=\"widget\" data-e-type=\"widget\" data-settings=\"{&quot;_animation&quot;:&quot;fadeInDown&quot;}\" data-widget_type=\"button.default\">\n\t\t\t\t\t\t\t\t\t\t<a class=\"elementor-button elementor-button-link elementor-size-sm elementor-animation-float\" href=\"\/en\/servicios\/\">\n\t\t\t\t\t\t<span class=\"elementor-button-content-wrapper\">\n\t\t\t\t\t\t\t\t\t<span class=\"elementor-button-text\">Services<\/span>\n\t\t\t\t\t<\/span>\n\t\t\t\t\t<\/a>\n\t\t\t\t\t\t\t\t<\/div>\n\t\t\t\t\t<\/div>\n\t\t\t\t<\/div>\n\t\t<div class=\"elementor-element elementor-element-bda2d6a e-flex e-con-boxed e-con e-parent\" data-id=\"bda2d6a\" data-element_type=\"container\" data-e-type=\"container\">\n\t\t\t\t\t<div class=\"e-con-inner\">\n\t\t<div class=\"elementor-element elementor-element-d295611 e-con-full e-flex e-con e-child\" data-id=\"d295611\" data-element_type=\"container\" data-e-type=\"container\">\n\t\t\t\t<div class=\"elementor-element elementor-element-479e0a5 elementor-widget elementor-widget-image\" data-id=\"479e0a5\" data-element_type=\"widget\" data-e-type=\"widget\" data-widget_type=\"image.default\">\n\t\t\t\t\t\t\t\t\t\t\t\t\t\t\t<img decoding=\"async\" width=\"1200\" height=\"1600\" src=\"https:\/\/jardineriagranell.com\/wp-content\/uploads\/2026\/03\/WhatsApp-Image-2026-03-12-at-09.49.53.jpeg\" class=\"attachment-full size-full wp-image-523\" alt=\"\" srcset=\"https:\/\/jardineriagranell.com\/wp-content\/uploads\/2026\/03\/WhatsApp-Image-2026-03-12-at-09.49.53.jpeg 1200w, https:\/\/jardineriagranell.com\/wp-content\/uploads\/2026\/03\/WhatsApp-Image-2026-03-12-at-09.49.53-225x300.jpeg 225w, https:\/\/jardineriagranell.com\/wp-content\/uploads\/2026\/03\/WhatsApp-Image-2026-03-12-at-09.49.53-768x1024.jpeg 768w, https:\/\/jardineriagranell.com\/wp-content\/uploads\/2026\/03\/WhatsApp-Image-2026-03-12-at-09.49.53-1152x1536.jpeg 1152w, https:\/\/jardineriagranell.com\/wp-content\/uploads\/2026\/03\/WhatsApp-Image-2026-03-12-at-09.49.53-9x12.jpeg 9w\" sizes=\"(max-width: 1200px) 100vw, 1200px\" \/>\t\t\t\t\t\t\t\t\t\t\t\t\t\t\t<\/div>\n\t\t\t\t<\/div>\n\t\t<div class=\"elementor-element elementor-element-163c290 e-con-full e-flex e-con e-child\" data-id=\"163c290\" data-element_type=\"container\" data-e-type=\"container\">\n\t\t\t\t<div class=\"elementor-element elementor-element-45aa252 elementor-widget elementor-widget-heading\" data-id=\"45aa252\" data-element_type=\"widget\" data-e-type=\"widget\" data-widget_type=\"heading.default\">\n\t\t\t\t\t<h2 class=\"elementor-heading-title elementor-size-default\">Gardens always ready!<\/h2>\t\t\t\t<\/div>\n\t\t\t\t<div class=\"elementor-element elementor-element-3cf62cd elementor-widget-divider--view-line_icon elementor-view-default elementor-widget-divider--element-align-center elementor-widget elementor-widget-divider\" data-id=\"3cf62cd\" data-element_type=\"widget\" data-e-type=\"widget\" data-widget_type=\"divider.default\">\n\t\t\t\t\t\t\t<div class=\"elementor-divider\">\n\t\t\t<span class=\"elementor-divider-separator\">\n\t\t\t\t\t\t\t<div class=\"elementor-icon elementor-divider__element\">\n\t\t\t\t\t<svg aria-hidden=\"true\" class=\"e-font-icon-svg e-fab-pagelines\" viewbox=\"0 0 384 512\" xmlns=\"http:\/\/www.w3.org\/2000\/svg\"><path d=\"M384 312.7c-55.1 136.7-187.1 54-187.1 54-40.5 81.8-107.4 134.4-184.6 134.7-16.1 0-16.6-24.4 0-24.4 64.4-.3 120.5-42.7 157.2-110.1-41.1 15.9-118.6 27.9-161.6-82.2 109-44.9 159.1 11.2 178.3 45.5 9.9-24.4 17-50.9 21.6-79.7 0 0-139.7 21.9-149.5-98.1 119.1-47.9 152.6 76.7 152.6 76.7 1.6-16.7 3.3-52.6 3.3-53.4 0 0-106.3-73.7-38.1-165.2 124.6 43 61.4 162.4 61.4 162.4.5 1.6.5 23.8 0 33.4 0 0 45.2-89 136.4-57.5-4.2 134-141.9 106.4-141.9 106.4-4.4 27.4-11.2 53.4-20 77.5 0 0 83-91.8 172-20z\"><\/path><\/svg><\/div>\n\t\t\t\t\t\t<\/span>\n\t\t<\/div>\n\t\t\t\t\t\t<\/div>\n\t\t\t\t<div class=\"elementor-element elementor-element-daa85b5 elementor-widget elementor-widget-text-editor\" data-id=\"daa85b5\" data-element_type=\"widget\" data-e-type=\"widget\" data-widget_type=\"text-editor.default\">\n\t\t\t\t\t\t\t\t\t<p>We are a company based in Grao de Castell\u00f3n and serve Benic\u00e0ssim, Castell\u00f3n, Oropesa, and the surrounding areas. We have been committed to our clients for over 30 years and have extensive experience in the fruit and vegetable and gardening sectors.<\/p>\t\t\t\t\t\t\t\t<\/div>\n\t\t\t\t<\/div>\n\t\t\t\t\t<\/div>\n\t\t\t\t<\/div>\n\t\t\t\t<\/div>","protected":false},"excerpt":{"rendered":"<p>\u00a1Tu jard\u00edn vuelve a brillar! \u00bfQui\u00e9nes somos? Diego Granell En Jardiner\u00eda Granell somos conscientes de la importancia que la naturaleza merece; por eso estamos comprometidos con el medioambiente y con la huella ambiental de nuestra labor. \u00a1C\u00e9sped, setos y patios como nuevos! Siempre buscamos nuevas formas de reducir nuestro impacto medioambiental y contribuir al cuidado [&hellip;]<\/p>\n","protected":false},"author":1,"featured_media":0,"parent":0,"menu_order":0,"comment_status":"closed","ping_status":"closed","template":"elementor_canvas","meta":{"footnotes":""},"class_list":["post-2","page","type-page","status-publish","hentry"],"yoast_head":"<!-- This site is optimized with the Yoast SEO plugin v27.5 - https:\/\/yoast.com\/product\/yoast-seo-wordpress\/ -->\n<title>Inicio - Jardiner\u00eda Granell<\/title>\n<meta name=\"robots\" content=\"index, follow, max-snippet:-1, max-image-preview:large, max-video-preview:-1\" \/>\n<link rel=\"canonical\" href=\"https:\/\/jardineriagranell.com\/en\/\" \/>\n<meta property=\"og:locale\" content=\"en_GB\" \/>\n<meta property=\"og:type\" content=\"article\" \/>\n<meta property=\"og:title\" content=\"Inicio - Jardiner\u00eda Granell\" \/>\n<meta property=\"og:description\" content=\"\u00a1Tu jard\u00edn vuelve a brillar! \u00bfQui\u00e9nes somos? Diego Granell En Jardiner\u00eda Granell somos conscientes de la importancia que la naturaleza merece; por eso estamos comprometidos con el medioambiente y con la huella ambiental de nuestra labor. \u00a1C\u00e9sped, setos y patios como nuevos! Siempre buscamos nuevas formas de reducir nuestro impacto medioambiental y contribuir al cuidado [&hellip;]\" \/>\n<meta property=\"og:url\" content=\"https:\/\/jardineriagranell.com\/en\/\" \/>\n<meta property=\"og:site_name\" content=\"Jardiner\u00eda Granell\" \/>\n<meta property=\"article:modified_time\" content=\"2026-03-23T10:30:09+00:00\" \/>\n<meta property=\"og:image\" content=\"https:\/\/jardineriagranell.com\/wp-content\/uploads\/2026\/02\/507365468_9936854663057750_7266017424297289281_n.jpg\" \/>\n<meta name=\"twitter:card\" content=\"summary_large_image\" \/>\n<meta name=\"twitter:label1\" content=\"Estimated reading time\" \/>\n\t<meta name=\"twitter:data1\" content=\"1 minute\" \/>\n<script type=\"application\/ld+json\" class=\"yoast-schema-graph\">{\"@context\":\"https:\\\/\\\/schema.org\",\"@graph\":[{\"@type\":\"WebPage\",\"@id\":\"https:\\\/\\\/jardineriagranell.com\\\/\",\"url\":\"https:\\\/\\\/jardineriagranell.com\\\/\",\"name\":\"Inicio - Jardiner\u00eda Granell\",\"isPartOf\":{\"@id\":\"https:\\\/\\\/jardineriagranell.com\\\/#website\"},\"primaryImageOfPage\":{\"@id\":\"https:\\\/\\\/jardineriagranell.com\\\/#primaryimage\"},\"image\":{\"@id\":\"https:\\\/\\\/jardineriagranell.com\\\/#primaryimage\"},\"thumbnailUrl\":\"https:\\\/\\\/jardineriagranell.com\\\/wp-content\\\/uploads\\\/2026\\\/02\\\/507365468_9936854663057750_7266017424297289281_n.jpg\",\"datePublished\":\"2026-02-24T17:23:32+00:00\",\"dateModified\":\"2026-03-23T10:30:09+00:00\",\"breadcrumb\":{\"@id\":\"https:\\\/\\\/jardineriagranell.com\\\/#breadcrumb\"},\"inLanguage\":\"en-GB\",\"potentialAction\":[{\"@type\":\"ReadAction\",\"target\":[\"https:\\\/\\\/jardineriagranell.com\\\/\"]}]},{\"@type\":\"ImageObject\",\"inLanguage\":\"en-GB\",\"@id\":\"https:\\\/\\\/jardineriagranell.com\\\/#primaryimage\",\"url\":\"https:\\\/\\\/jardineriagranell.com\\\/wp-content\\\/uploads\\\/2026\\\/02\\\/507365468_9936854663057750_7266017424297289281_n.jpg\",\"contentUrl\":\"https:\\\/\\\/jardineriagranell.com\\\/wp-content\\\/uploads\\\/2026\\\/02\\\/507365468_9936854663057750_7266017424297289281_n.jpg\"},{\"@type\":\"BreadcrumbList\",\"@id\":\"https:\\\/\\\/jardineriagranell.com\\\/#breadcrumb\",\"itemListElement\":[{\"@type\":\"ListItem\",\"position\":1,\"name\":\"Portada\",\"item\":\"https:\\\/\\\/jardineriagranell.com\\\/\"},{\"@type\":\"ListItem\",\"position\":2,\"name\":\"Inicio\"}]},{\"@type\":\"WebSite\",\"@id\":\"https:\\\/\\\/jardineriagranell.com\\\/#website\",\"url\":\"https:\\\/\\\/jardineriagranell.com\\\/\",\"name\":\"Jardiner\u00eda Granell\",\"description\":\"Jardiner\u00eda Granell\",\"publisher\":{\"@id\":\"https:\\\/\\\/jardineriagranell.com\\\/#organization\"},\"potentialAction\":[{\"@type\":\"SearchAction\",\"target\":{\"@type\":\"EntryPoint\",\"urlTemplate\":\"https:\\\/\\\/jardineriagranell.com\\\/?s={search_term_string}\"},\"query-input\":{\"@type\":\"PropertyValueSpecification\",\"valueRequired\":true,\"valueName\":\"search_term_string\"}}],\"inLanguage\":\"en-GB\"},{\"@type\":\"Organization\",\"@id\":\"https:\\\/\\\/jardineriagranell.com\\\/#organization\",\"name\":\"Jardiner\u00eda Granell\",\"url\":\"https:\\\/\\\/jardineriagranell.com\\\/\",\"logo\":{\"@type\":\"ImageObject\",\"inLanguage\":\"en-GB\",\"@id\":\"https:\\\/\\\/jardineriagranell.com\\\/#\\\/schema\\\/logo\\\/image\\\/\",\"url\":\"https:\\\/\\\/jardineriagranell.com\\\/wp-content\\\/uploads\\\/2026\\\/02\\\/logo_web.png\",\"contentUrl\":\"https:\\\/\\\/jardineriagranell.com\\\/wp-content\\\/uploads\\\/2026\\\/02\\\/logo_web.png\",\"width\":2250,\"height\":1731,\"caption\":\"Jardiner\u00eda Granell\"},\"image\":{\"@id\":\"https:\\\/\\\/jardineriagranell.com\\\/#\\\/schema\\\/logo\\\/image\\\/\"}}]}<\/script>\n<!-- \/ Yoast SEO plugin. -->","yoast_head_json":{"title":"Inicio - Jardiner\u00eda Granell","robots":{"index":"index","follow":"follow","max-snippet":"max-snippet:-1","max-image-preview":"max-image-preview:large","max-video-preview":"max-video-preview:-1"},"canonical":"https:\/\/jardineriagranell.com\/en\/","og_locale":"en_GB","og_type":"article","og_title":"Inicio - Jardiner\u00eda Granell","og_description":"\u00a1Tu jard\u00edn vuelve a brillar! \u00bfQui\u00e9nes somos? Diego Granell En Jardiner\u00eda Granell somos conscientes de la importancia que la naturaleza merece; por eso estamos comprometidos con el medioambiente y con la huella ambiental de nuestra labor. \u00a1C\u00e9sped, setos y patios como nuevos! Siempre buscamos nuevas formas de reducir nuestro impacto medioambiental y contribuir al cuidado [&hellip;]","og_url":"https:\/\/jardineriagranell.com\/en\/","og_site_name":"Jardiner\u00eda Granell","article_modified_time":"2026-03-23T10:30:09+00:00","og_image":[{"url":"https:\/\/jardineriagranell.com\/wp-content\/uploads\/2026\/02\/507365468_9936854663057750_7266017424297289281_n.jpg","type":"","width":"","height":""}],"twitter_card":"summary_large_image","twitter_misc":{"Estimated reading time":"1 minute"},"schema":{"@context":"https:\/\/schema.org","@graph":[{"@type":"WebPage","@id":"https:\/\/jardineriagranell.com\/","url":"https:\/\/jardineriagranell.com\/","name":"Inicio - Jardiner\u00eda Granell","isPartOf":{"@id":"https:\/\/jardineriagranell.com\/#website"},"primaryImageOfPage":{"@id":"https:\/\/jardineriagranell.com\/#primaryimage"},"image":{"@id":"https:\/\/jardineriagranell.com\/#primaryimage"},"thumbnailUrl":"https:\/\/jardineriagranell.com\/wp-content\/uploads\/2026\/02\/507365468_9936854663057750_7266017424297289281_n.jpg","datePublished":"2026-02-24T17:23:32+00:00","dateModified":"2026-03-23T10:30:09+00:00","breadcrumb":{"@id":"https:\/\/jardineriagranell.com\/#breadcrumb"},"inLanguage":"en-GB","potentialAction":[{"@type":"ReadAction","target":["https:\/\/jardineriagranell.com\/"]}]},{"@type":"ImageObject","inLanguage":"en-GB","@id":"https:\/\/jardineriagranell.com\/#primaryimage","url":"https:\/\/jardineriagranell.com\/wp-content\/uploads\/2026\/02\/507365468_9936854663057750_7266017424297289281_n.jpg","contentUrl":"https:\/\/jardineriagranell.com\/wp-content\/uploads\/2026\/02\/507365468_9936854663057750_7266017424297289281_n.jpg"},{"@type":"BreadcrumbList","@id":"https:\/\/jardineriagranell.com\/#breadcrumb","itemListElement":[{"@type":"ListItem","position":1,"name":"Portada","item":"https:\/\/jardineriagranell.com\/"},{"@type":"ListItem","position":2,"name":"Inicio"}]},{"@type":"WebSite","@id":"https:\/\/jardineriagranell.com\/#website","url":"https:\/\/jardineriagranell.com\/","name":"Jardiner\u00eda Granell","description":"Jardiner\u00eda Granell","publisher":{"@id":"https:\/\/jardineriagranell.com\/#organization"},"potentialAction":[{"@type":"SearchAction","target":{"@type":"EntryPoint","urlTemplate":"https:\/\/jardineriagranell.com\/?s={search_term_string}"},"query-input":{"@type":"PropertyValueSpecification","valueRequired":true,"valueName":"search_term_string"}}],"inLanguage":"en-GB"},{"@type":"Organization","@id":"https:\/\/jardineriagranell.com\/#organization","name":"Jardiner\u00eda Granell","url":"https:\/\/jardineriagranell.com\/","logo":{"@type":"ImageObject","inLanguage":"en-GB","@id":"https:\/\/jardineriagranell.com\/#\/schema\/logo\/image\/","url":"https:\/\/jardineriagranell.com\/wp-content\/uploads\/2026\/02\/logo_web.png","contentUrl":"https:\/\/jardineriagranell.com\/wp-content\/uploads\/2026\/02\/logo_web.png","width":2250,"height":1731,"caption":"Jardiner\u00eda Granell"},"image":{"@id":"https:\/\/jardineriagranell.com\/#\/schema\/logo\/image\/"}}]}},"_links":{"self":[{"href":"https:\/\/jardineriagranell.com\/en\/wp-json\/wp\/v2\/pages\/2","targetHints":{"allow":["GET"]}}],"collection":[{"href":"https:\/\/jardineriagranell.com\/en\/wp-json\/wp\/v2\/pages"}],"about":[{"href":"https:\/\/jardineriagranell.com\/en\/wp-json\/wp\/v2\/types\/page"}],"author":[{"embeddable":true,"href":"https:\/\/jardineriagranell.com\/en\/wp-json\/wp\/v2\/users\/1"}],"replies":[{"embeddable":true,"href":"https:\/\/jardineriagranell.com\/en\/wp-json\/wp\/v2\/comments?post=2"}],"version-history":[{"count":145,"href":"https:\/\/jardineriagranell.com\/en\/wp-json\/wp\/v2\/pages\/2\/revisions"}],"predecessor-version":[{"id":632,"href":"https:\/\/jardineriagranell.com\/en\/wp-json\/wp\/v2\/pages\/2\/revisions\/632"}],"wp:attachment":[{"href":"https:\/\/jardineriagranell.com\/en\/wp-json\/wp\/v2\/media?parent=2"}],"curies":[{"name":"wp","href":"https:\/\/api.w.org\/{rel}","templated":true}]}}